{"id":1677,"date":"2012-11-01T16:11:00","date_gmt":"2012-11-01T14:11:00","guid":{"rendered":"http:\/\/www.friseurzeit.de\/?page_id=1677"},"modified":"2017-07-21T21:30:26","modified_gmt":"2017-07-21T19:30:26","slug":"marken-produkte","status":"publish","type":"page","link":"https:\/\/www.friseurzeit.net\/friseur\/marken-produkte\/","title":{"rendered":"Friseur Marken &#038; Produkte"},"content":{"rendered":"<h1>Friseur: Marken &amp; Produkte<\/h1>\n<p>Viele negative Faktoren im modernes Leben beeinflussen die Haut und die Haare. Wenn hier die Pflege fehlt, dann leidet auch das \u00c4u\u00dfere Erscheinungsbild.<\/p>\n<p>Deshalb arbeiten wir mit hochwertigen Produkte und setzten auf eine ausgiebige Beratung. Alle Mitarbeiter werden auf die Produkte und auf die Anwendungen geschult damit wir das perfekte Ergebnis f\u00fcr Ihre Haare und f\u00fcr die Kopfhaut erreichen k\u00f6nnen.<\/p>\n<p>Unsere Friseurzeit Mitarbeiter beraten Sie \u00fcber alle M\u00f6glichkeiten um den gesundesten Look zu erhalten ohne die Haut oder die Haare zu belasten.<\/p>\n<p><strong>Friseur M\u00fcnchen<\/strong><\/p>\n<h3>Friseursalon Friseurzeit M\u00fcnchen e.K. \u00a9<br \/>\nSteinsdorfstr. 20<br \/>\n80538 M\u00fcnchen<br \/>\nAltstadt-Lehel\u00a0<a href=\"http:\/\/goo.gl\/maps\/rAx4w\" target=\"_blank\" rel=\"noopener\">\u00bb Google Maps<\/a><br \/>\nE-Mail:\u00a0<a title=\"E-Mail\" href=\"mailto:anfrage@friseurzeit.com\">\u00bb anfrage@friseurzeit.com<\/a><\/h3>\n<h3>Tel. 089\/45228484<br \/>\nDienstag &#8211; Freitag 10:00 &#8211; 20:00 Uhr<br \/>\nSamstag 09:00 &#8211; 18:00 Uhr<\/h3>\n","protected":false},"excerpt":{"rendered":"<p>Friseur: Marken &amp; Produkte Viele negative Faktoren im modernes Leben beeinflussen die Haut und die Haare. Wenn hier die Pflege fehlt, dann leidet auch das \u00c4u\u00dfere Erscheinungsbild. Deshalb arbeiten wir mit hochwertigen Produkte und setzten auf eine ausgiebige Beratung. Alle Mitarbeiter werden auf die Produkte und auf die Anwendungen geschult damit wir das perfekte Ergebnis&#8230; <\/p>\n<div class=\"read-more navbutton\"><a href=\"https:\/\/www.friseurzeit.net\/friseur\/marken-produkte\/\">Read More<i class=\"fa fa-angle-double-right\"><\/i><\/a><\/div>\n","protected":false},"author":1,"featured_media":0,"parent":0,"menu_order":0,"comment_status":"closed","ping_status":"closed","template":"","meta":{"footnotes":""},"class_list":["post-1677","page","type-page","status-publish","hentry"],"_links":{"self":[{"href":"https:\/\/www.friseurzeit.net\/friseur\/wp-json\/wp\/v2\/pages\/1677","targetHints":{"allow":["GET"]}}],"collection":[{"href":"https:\/\/www.friseurzeit.net\/friseur\/wp-json\/wp\/v2\/pages"}],"about":[{"href":"https:\/\/www.friseurzeit.net\/friseur\/wp-json\/wp\/v2\/types\/page"}],"author":[{"embeddable":true,"href":"https:\/\/www.friseurzeit.net\/friseur\/wp-json\/wp\/v2\/users\/1"}],"replies":[{"embeddable":true,"href":"https:\/\/www.friseurzeit.net\/friseur\/wp-json\/wp\/v2\/comments?post=1677"}],"version-history":[{"count":11,"href":"https:\/\/www.friseurzeit.net\/friseur\/wp-json\/wp\/v2\/pages\/1677\/revisions"}],"predecessor-version":[{"id":2889,"href":"https:\/\/www.friseurzeit.net\/friseur\/wp-json\/wp\/v2\/pages\/1677\/revisions\/2889"}],"wp:attachment":[{"href":"https:\/\/www.friseurzeit.net\/friseur\/wp-json\/wp\/v2\/media?parent=1677"}],"curies":[{"name":"wp","href":"https:\/\/api.w.org\/{rel}","templated":true}]}}